{"id":686,"date":"2018-04-17T15:07:43","date_gmt":"2018-04-17T15:07:43","guid":{"rendered":"https:\/\/pastos.es\/?page_id=686"},"modified":"2018-04-17T15:08:31","modified_gmt":"2018-04-17T15:08:31","slug":"acciones-de-dilvulgacion-de-la-trashumancia","status":"publish","type":"page","link":"https:\/\/pastos.es\/?page_id=686","title":{"rendered":"Acciones de dilvulgaci\u00f3n de la trashumancia"},"content":{"rendered":"<p>[et_pb_section bb_built=&#8221;1&#8243; _builder_version=&#8221;3.0.89&#8243; background_image=&#8221;https:\/\/pastos.es\/wp-content\/uploads\/2018\/03\/asociacion.jpg&#8221;][et_pb_row][et_pb_column type=&#8221;4_4&#8243;][et_pb_text admin_label=&#8221;Titulo de pagina&#8221; _builder_version=&#8221;3.0.89&#8243; background_layout=&#8221;dark&#8221; text_font=&#8221;|700|||||||&#8221; text_font_size=&#8221;42px&#8221; text_text_color=&#8221;#ffffff&#8221; text_text_shadow_style=&#8221;preset3&#8243; custom_margin=&#8221;50px||50px|&#8221; text_font_size_tablet=&#8221;35px&#8221; text_font_size_phone=&#8221;30px&#8221; text_font_size_last_edited=&#8221;on|phone&#8221; text_line_height_tablet=&#8221;1.5em&#8221; text_line_height_phone=&#8221;1.2em&#8221; text_line_height_last_edited=&#8221;on|tablet&#8221; text_line_height=&#8221;2em&#8221;]<\/p>\n<p style=\"text-align: center;\">ACCIONES DE DILVULGACI\u00d3N DE LA TRASHUMANCIA<\/p>\n<p>[\/et_pb_text][\/et_pb_column][\/et_pb_row][\/et_pb_section][et_pb_section bb_built=&#8221;1&#8243;][et_pb_row][et_pb_column type=&#8221;4_4&#8243;][et_pb_text _builder_version=&#8221;3.0.89&#8243; background_layout=&#8221;light&#8221;]<\/p>\n<p>a. Actividades educativas y de sensibilizaci\u00f3n sobre la importancia de la Red Natura 2000 y la conservaci\u00f3n de la biodiversidad mediante actividades ganaderas tradicionales. Participaci\u00f3n en conferencias, cursos, jornadas de reflexi\u00f3n, encuentros y ferias.<\/p>\n<p>b. Edici\u00f3n de material divulgativo (cuadernillos, folletos, poster, calendarios, DVDs) y expositivo. En este material se resalta la importancia de conservar y fomentar las actividades tradicionales para lograr el desarrollo sostenible, especialmente en los espacios de la Red Natura 2000 y los corredores ecol\u00f3gicos que interrelacionan sus principales biotopos como son las v\u00edas pecuarias.<\/p>\n<p>c. Apoyo a fiestas populares ligadas a la trashumancia: Prioro (Le\u00f3n), Madrid, etc.<\/p>\n<p>d. Actos simb\u00f3licos con repercusi\u00f3n nacional como recordatorio del significado que durante siglos tuvieron las v\u00edas pecuarias como las que pasan por la Puerta de Madrid. Organizaci\u00f3n de la Fiesta de la Trashumancia en Madrid el \u00faltimo domingo de octubre.<\/p>\n<p>e. Construcci\u00f3n y conservaci\u00f3n de abrevaderos en las V\u00edas Pecuarias.<\/p>\n<p>&nbsp;<\/p>\n<ol>\n<li>Recogida de informaci\u00f3n relevante sobre las mismas.<\/li>\n<li>Redacci\u00f3n de gu\u00edas con la toponimia, flora, fauna, fuentes y tradici\u00f3n oral.<\/li>\n<li>bReconocimiento, conservaci\u00f3n, limpieza y se\u00f1alizaci\u00f3n de las v\u00edas pecuarias.<\/li>\n<\/ol>\n<p>[\/et_pb_text][\/et_pb_column][\/et_pb_row][\/et_pb_section]<\/p>\n","protected":false},"excerpt":{"rendered":"<p>[et_pb_section bb_built=&#8221;1&#8243; _builder_version=&#8221;3.0.89&#8243; background_image=&#8221;https:\/\/pastos.es\/wp-content\/uploads\/2018\/03\/asociacion.jpg&#8221;][et_pb_row][et_pb_column type=&#8221;4_4&#8243;][et_pb_text admin_label=&#8221;Titulo de pagina&#8221; _builder_version=&#8221;3.0.89&#8243; background_layout=&#8221;dark&#8221; text_font=&#8221;|700|||||||&#8221; text_font_size=&#8221;42px&#8221; text_text_color=&#8221;#ffffff&#8221; text_text_shadow_style=&#8221;preset3&#8243; custom_margin=&#8221;50px||50px|&#8221; text_font_size_tablet=&#8221;35px&#8221; text_font_size_phone=&#8221;30px&#8221; text_font_size_last_edited=&#8221;on|phone&#8221; text_line_height_tablet=&#8221;1.5em&#8221; text_line_height_phone=&#8221;1.2em&#8221; text_line_height_last_edited=&#8221;on|tablet&#8221; text_line_height=&#8221;2em&#8221;] ACCIONES DE DILVULGACI\u00d3N DE LA TRASHUMANCIA [\/et_pb_text][\/et_pb_column][\/et_pb_row][\/et_pb_section][et_pb_section bb_built=&#8221;1&#8243;][et_pb_row][et_pb_column type=&#8221;4_4&#8243;][et_pb_text _builder_version=&#8221;3.0.89&#8243; background_layout=&#8221;light&#8221;] a. Actividades educativas y de sensibilizaci\u00f3n sobre la importancia de la Red Natura 2000 y la conservaci\u00f3n de la biodiversidad mediante actividades [&hellip;]<\/p>\n","protected":false},"author":1,"featured_media":0,"parent":0,"menu_order":0,"comment_status":"closed","ping_status":"closed","template":"","meta":{"_et_pb_use_builder":"on","_et_pb_old_content":"","footnotes":""},"_links":{"self":[{"href":"https:\/\/pastos.es\/index.php?rest_route=\/wp\/v2\/pages\/686"}],"collection":[{"href":"https:\/\/pastos.es\/index.php?rest_route=\/wp\/v2\/pages"}],"about":[{"href":"https:\/\/pastos.es\/index.php?rest_route=\/wp\/v2\/types\/page"}],"author":[{"embeddable":true,"href":"https:\/\/pastos.es\/index.php?rest_route=\/wp\/v2\/users\/1"}],"replies":[{"embeddable":true,"href":"https:\/\/pastos.es\/index.php?rest_route=%2Fwp%2Fv2%2Fcomments&post=686"}],"version-history":[{"count":3,"href":"https:\/\/pastos.es\/index.php?rest_route=\/wp\/v2\/pages\/686\/revisions"}],"predecessor-version":[{"id":689,"href":"https:\/\/pastos.es\/index.php?rest_route=\/wp\/v2\/pages\/686\/revisions\/689"}],"wp:attachment":[{"href":"https:\/\/pastos.es\/index.php?rest_route=%2Fwp%2Fv2%2Fmedia&parent=686"}],"curies":[{"name":"wp","href":"https:\/\/api.w.org\/{rel}","templated":true}]}}