{"id":680,"date":"2018-04-17T14:59:48","date_gmt":"2018-04-17T14:59:48","guid":{"rendered":"https:\/\/pastos.es\/?page_id=680"},"modified":"2018-04-17T15:01:18","modified_gmt":"2018-04-17T15:01:18","slug":"actuaciones-para-el-fomento-de-la-trashumancia","status":"publish","type":"page","link":"https:\/\/pastos.es\/?page_id=680","title":{"rendered":"Actuaciones para el fomento de la trashumancia"},"content":{"rendered":"<p>[et_pb_section bb_built=&#8221;1&#8243; _builder_version=&#8221;3.0.89&#8243; background_image=&#8221;https:\/\/pastos.es\/wp-content\/uploads\/2018\/03\/asociacion.jpg&#8221;][et_pb_row][et_pb_column type=&#8221;4_4&#8243;][et_pb_text admin_label=&#8221;Titulo de pagina&#8221; _builder_version=&#8221;3.0.89&#8243; background_layout=&#8221;dark&#8221; text_font=&#8221;|700|||||||&#8221; text_font_size=&#8221;42px&#8221; text_text_color=&#8221;#ffffff&#8221; text_text_shadow_style=&#8221;preset3&#8243; custom_margin=&#8221;50px||50px|&#8221; text_font_size_tablet=&#8221;35px&#8221; text_font_size_phone=&#8221;30px&#8221; text_font_size_last_edited=&#8221;on|phone&#8221; text_line_height_phone=&#8221;1.5em&#8221; text_line_height_last_edited=&#8221;on|phone&#8221; text_line_height=&#8221;2em&#8221;]<\/p>\n<p style=\"text-align: center;\">ACTUACIONES PARA EL FOMENTO DE LA TRASHUMANCIA<\/p>\n<p>[\/et_pb_text][\/et_pb_column][\/et_pb_row][\/et_pb_section][et_pb_section bb_built=&#8221;1&#8243;][et_pb_row][et_pb_column type=&#8221;4_4&#8243;][et_pb_text _builder_version=&#8221;3.0.89&#8243; background_layout=&#8221;light&#8221;]<\/p>\n<p><strong>A. Apoyo log\u00edstico a los ganaderos trashumantes que lo soliciten:<\/strong><\/p>\n<p>La colaboraci\u00f3n que se presta a los ganaderos trashumantes consiste fundamentalmente en acompa\u00f1arles mostr\u00e1ndoles las ca\u00f1adas, cordeles y veredas m\u00e1s adecuadas para dirigir sus reba\u00f1os hasta el lugar de destino, asumiendo toda la responsabilidad de organizaci\u00f3n durante el trayecto, coordinaci\u00f3n con las autoridades locales y auton\u00f3micas, guarder\u00eda privada y Guardia Civil. Esto incluye acompa\u00f1ar al ganadero con un voluntario conductor, proporcionarle un veh\u00edculo 4 x 4 con remolque, as\u00ed como todo el equipo necesario para el viaje, generalmente de 1 mes de duraci\u00f3n: rediles el\u00e9ctricos, carneros mansos para dirigir el reba\u00f1o, perros mastines para su defensa frente a lobos, perros de carea para facilitar su manejo, equipos de monta\u00f1a y de seguridad (chubasqueros, zamarras, chalecos reflectantes, se\u00f1ales de Stop, botas de agua y de campo), tel\u00e9fonos m\u00f3viles y GPS, material de acampada con tiendas de campa\u00f1a, sacos de dormir, cocina de gas butano y todos los utensilios necesarios para guisar durante el viaje, comederos y piensos para los perros, pienso para los carneros mansos, etc. El aprovisionamiento de v\u00edveres y la preparaci\u00f3n de los mismos en los lugares y momentos previstos se realizan tambi\u00e9n mediante la colaboraci\u00f3n de voluntarios, as\u00ed como el apoyo al ganadero para dirigir el reba\u00f1o y atravesar puntos conflictivos, como carreteras, poblaciones, r\u00edos y puertos de monta\u00f1a.<\/p>\n<p><strong>B. Reconocimiento de las seis v\u00edas pecuarias principales del oeste de Espa\u00f1a:<\/strong><\/p>\n<p>De la Plata, Leonesa Oriental, Leonesa Occidental, Soriana Occidental, Segoviana y Burgalesa. Control de su estado e identificaci\u00f3n de las principales dificultades para el tr\u00e1nsito del ganado. Evaluaci\u00f3n de los flujos ganaderos previsibles y de las adecuaciones necesarias en las intersecciones de las v\u00edas pecuarias con la Red General de Carreteras del Estado. Propuesta de soluciones alternativas<\/p>\n<p><strong>C. Gestiones para la materializaci\u00f3n de ayudas comunitarias a los trashumantes interauton\u00f3micos:<\/strong><\/p>\n<p>Coordinaci\u00f3n con los Ministerios de Agricultura y Medio Ambiente para lograr que las ayudas agroambientales a los ganaderos trashumantes interauton\u00f3micos puedan ser asumidas como programa piloto al 25% por el Estado y al 75% por la Uni\u00f3n Europea durante el cuatrienio 2007-2010.<\/p>\n<p><strong>D. Dise\u00f1o de un Programa de Formaci\u00f3n de J\u00f3venes Ganaderos Extensivos: <\/strong><\/p>\n<p>Propuesta de creaci\u00f3n de Escuelas de Ganader\u00eda en C\u00e1ceres y Le\u00f3n, en colaboraci\u00f3n con los Ministerios de Trabajo y Asuntos Sociales y de Educaci\u00f3n y Ciencia, que aseguren la gesti\u00f3n sostenible del territorio.<\/p>\n<p><strong>E. Colaboraci\u00f3n con la Federaci\u00f3n Espa\u00f1ola de Municipios y Provincias:<\/strong><\/p>\n<ol>\n<li>Coordinaci\u00f3n de los ayuntamientos y diputaciones provinciales para la conservaci\u00f3n, mejora y puesta en valor de las v\u00edas pecuarias.<\/li>\n<li>Creaci\u00f3n de abrevaderos y adecuaci\u00f3n de descansaderos cada 5 \u00f3 6 km, con agua, refugios y arbolado.<\/li>\n<\/ol>\n<p><strong>F. Ayudas a los ganaderos en comarcas loberas y oseras mediante distribuci\u00f3n de mastines y piensos para evitar da\u00f1os y luchar contra la colocaci\u00f3n de venenos.<\/strong><\/p>\n<p>[\/et_pb_text][\/et_pb_column][\/et_pb_row][\/et_pb_section]<\/p>\n","protected":false},"excerpt":{"rendered":"<p>[et_pb_section bb_built=&#8221;1&#8243; _builder_version=&#8221;3.0.89&#8243; background_image=&#8221;https:\/\/pastos.es\/wp-content\/uploads\/2018\/03\/asociacion.jpg&#8221;][et_pb_row][et_pb_column type=&#8221;4_4&#8243;][et_pb_text admin_label=&#8221;Titulo de pagina&#8221; _builder_version=&#8221;3.0.89&#8243; background_layout=&#8221;dark&#8221; text_font=&#8221;|700|||||||&#8221; text_font_size=&#8221;42px&#8221; text_text_color=&#8221;#ffffff&#8221; text_text_shadow_style=&#8221;preset3&#8243; custom_margin=&#8221;50px||50px|&#8221; text_font_size_tablet=&#8221;35px&#8221; text_font_size_phone=&#8221;30px&#8221; text_font_size_last_edited=&#8221;on|phone&#8221; text_line_height_phone=&#8221;1.5em&#8221; text_line_height_last_edited=&#8221;on|phone&#8221; text_line_height=&#8221;2em&#8221;] ACTUACIONES PARA EL FOMENTO DE LA TRASHUMANCIA [\/et_pb_text][\/et_pb_column][\/et_pb_row][\/et_pb_section][et_pb_section bb_built=&#8221;1&#8243;][et_pb_row][et_pb_column type=&#8221;4_4&#8243;][et_pb_text _builder_version=&#8221;3.0.89&#8243; background_layout=&#8221;light&#8221;] A. Apoyo log\u00edstico a los ganaderos trashumantes que lo soliciten: La colaboraci\u00f3n que se presta a los ganaderos trashumantes consiste fundamentalmente en [&hellip;]<\/p>\n","protected":false},"author":1,"featured_media":0,"parent":0,"menu_order":0,"comment_status":"closed","ping_status":"closed","template":"","meta":{"_et_pb_use_builder":"on","_et_pb_old_content":"","footnotes":""},"_links":{"self":[{"href":"https:\/\/pastos.es\/index.php?rest_route=\/wp\/v2\/pages\/680"}],"collection":[{"href":"https:\/\/pastos.es\/index.php?rest_route=\/wp\/v2\/pages"}],"about":[{"href":"https:\/\/pastos.es\/index.php?rest_route=\/wp\/v2\/types\/page"}],"author":[{"embeddable":true,"href":"https:\/\/pastos.es\/index.php?rest_route=\/wp\/v2\/users\/1"}],"replies":[{"embeddable":true,"href":"https:\/\/pastos.es\/index.php?rest_route=%2Fwp%2Fv2%2Fcomments&post=680"}],"version-history":[{"count":3,"href":"https:\/\/pastos.es\/index.php?rest_route=\/wp\/v2\/pages\/680\/revisions"}],"predecessor-version":[{"id":683,"href":"https:\/\/pastos.es\/index.php?rest_route=\/wp\/v2\/pages\/680\/revisions\/683"}],"wp:attachment":[{"href":"https:\/\/pastos.es\/index.php?rest_route=%2Fwp%2Fv2%2Fmedia&parent=680"}],"curies":[{"name":"wp","href":"https:\/\/api.w.org\/{rel}","templated":true}]}}