{"id":388,"date":"2018-03-09T14:58:45","date_gmt":"2018-03-09T14:58:45","guid":{"rendered":"https:\/\/pastos.es\/?page_id=388"},"modified":"2018-04-26T13:15:52","modified_gmt":"2018-04-26T13:15:52","slug":"nosotros","status":"publish","type":"page","link":"https:\/\/pastos.es\/?page_id=388","title":{"rendered":"Nosotros"},"content":{"rendered":"<p>[et_pb_section bb_built=&#8221;1&#8243; _builder_version=&#8221;3.0.89&#8243; background_image=&#8221;https:\/\/pastos.es\/wp-content\/uploads\/2018\/03\/asociacion.jpg&#8221;][et_pb_row][et_pb_column type=&#8221;4_4&#8243;][et_pb_text admin_label=&#8221;Titulo de pagina&#8221; _builder_version=&#8221;3.0.89&#8243; background_layout=&#8221;dark&#8221; text_font=&#8221;|700|||||||&#8221; text_font_size=&#8221;42px&#8221; text_text_color=&#8221;#ffffff&#8221; text_text_shadow_style=&#8221;preset3&#8243; custom_margin=&#8221;50px||50px|&#8221; text_font_size_tablet=&#8221;35px&#8221; text_font_size_phone=&#8221;30px&#8221; text_font_size_last_edited=&#8221;on|phone&#8221; text_line_height_tablet=&#8221;1.5em&#8221; text_line_height_phone=&#8221;1.2em&#8221; text_line_height_last_edited=&#8221;on|phone&#8221;]<\/p>\n<p style=\"text-align: center;\">NUESTRA ASOCIACI\u00d3N<\/p>\n<p>[\/et_pb_text][\/et_pb_column][\/et_pb_row][\/et_pb_section][et_pb_section bb_built=&#8221;1&#8243; fullwidth=&#8221;off&#8221; specialty=&#8221;off&#8221;][et_pb_row][et_pb_column type=&#8221;4_4&#8243;][et_pb_text _builder_version=&#8221;3.0.89&#8243; background_layout=&#8221;light&#8221; text_font=&#8221;|700|||||||&#8221; text_font_size=&#8221;32px&#8221; text_text_color=&#8221;#15773d&#8221; text_orientation=&#8221;center&#8221; module_alignment=&#8221;center&#8221; text_line_height=&#8221;1em&#8221; custom_css_main_element=&#8221;line-height:normal !important;&#8221;]<\/p>\n<p style=\"text-align: center;\">ASOCIACI\u00d3N TRASHUMANCIA<br \/>\nY NATURALEZA<\/p>\n<p>[\/et_pb_text][\/et_pb_column][\/et_pb_row][et_pb_row][et_pb_column type=&#8221;4_4&#8243;][et_pb_text _builder_version=&#8221;3.0.89&#8243; background_layout=&#8221;light&#8221; text_orientation=&#8221;justified&#8221; module_alignment=&#8221;justified&#8221;]<\/p>\n<p>Nuestra asociaci\u00f3n fomenta la trashumancia de los ganaderos que transitan con sus reba\u00f1os por las ca\u00f1adas, para la recuperaci\u00f3n de la Red Nacional de V\u00edas Pecuarias, en el marco del Convenio para la Biodiversidad, (Art.8 j). Dedica sus esfuerzos a intensificar las gestiones administrativas, culturales y sociales para evitar el grave impacto que representar\u00eda la desaparici\u00f3n de la trashumancia para los ecosistemas ib\u00e9ricos, de tan excepcional importancia internacional. El reto para el futuro es dise\u00f1ar nuevos modelos de desarrollo verdaderamente compatibles con la utilizaci\u00f3n de las v\u00edas pecuarias por el ganado. Es destacable la multifuncionalidad que representan las redes de v\u00edas pecuarias como unidades territoriales, caracterizadas tanto por su conectividad como por la relaci\u00f3n que presentan con su entorno m\u00e1s inmediato. La conservaci\u00f3n de la biodiversidad y mantenimiento de los corredores ecol\u00f3gicos entre Lugares de Inter\u00e9s Comunitario de la Red Natura 2000, depende en gran parte de la recuperaci\u00f3n de las pr\u00e1cticas tradicionales de pastoreo itinerante y del desplazamiento estacional de razas aut\u00f3ctonas trashumantes a trav\u00e9s de las v\u00eda pecuarias. Pero para mantener la funcionalidad ecol\u00f3gica y cultural de las ca\u00f1adas es necesario recuperar y conseguir la viabilidad econ\u00f3mica de la trashumancia en Espa\u00f1a, sin obst\u00e1culos burocr\u00e1ticos y pol\u00edticos innecesarios.<\/p>\n<p>[\/et_pb_text][\/et_pb_column][\/et_pb_row][et_pb_row][et_pb_column type=&#8221;4_4&#8243;][et_pb_text _builder_version=&#8221;3.0.89&#8243; background_layout=&#8221;light&#8221; text_font=&#8221;|700|||||||&#8221; text_font_size=&#8221;32px&#8221; text_text_color=&#8221;#15773d&#8221; text_orientation=&#8221;center&#8221; module_alignment=&#8221;center&#8221; text_line_height=&#8221;1.8em&#8221;]<\/p>\n<p style=\"text-align: center;\">HISTORIA<\/p>\n<p>[\/et_pb_text][\/et_pb_column][\/et_pb_row][et_pb_row][et_pb_column type=&#8221;4_4&#8243;][et_pb_text _builder_version=&#8221;3.0.89&#8243; background_layout=&#8221;light&#8221; text_orientation=&#8221;justified&#8221; module_alignment=&#8221;justified&#8221;]<\/p>\n<p>En la \u201cCumbre de la Tierra\u201d de 1992, celebrada en R\u00edo de Janeiro (Brasil), las Naciones Unidas hicieron un llamamiento a los gobi ernos y ciudadanos del mundo, para buscar soluciones para la protecci\u00f3n del medio ambiente, mejorar la calidad de vida y conservar las culturas tradicionales, la diversidad gen\u00e9tica y los recursos naturales.<\/p>\n<p>La Asociaci\u00f3n Concejo de la Mesta recoge esta llamada iniciando en 1992 el Proyecto 2001. Su objetivo principal es la conservaci\u00f3n de las v\u00edas pecuarias o ca\u00f1adas, como corredores ecol\u00f3gicos que unen del sur al norte toda la Pen\u00ednsula Ib\u00e9rica, a trav\u00e9s del fomento de actividades tradicionales como la trashumancia y la puesta en marcha de usos alternativos que favorezcan la incorporaci\u00f3n activa de la poblaci\u00f3n rural. La gran repercusi\u00f3n que tuvo el Proyecto 2001 impuls\u00f3 la protecci\u00f3n legal de la red de ca\u00f1adas, acelerando la aprobaci\u00f3n de la Ley de V\u00edas Pecuarias, en marzo de 1995.<\/p>\n<p>Para ayudar a los ganaderos trashumantes a formular denuncias sobre ocupaciones ilegales y el seguimiento de las mismas, el Concejo de la Mesta, primero, y Trashumancia y Naturaleza a partir de 1997, mantuvieron estrechos contactos con el Ministerio de Agricultura y la Comisi\u00f3n Europea para conseguir incluir la trashumancia en el Programa de Medidas Agroambientales, con el fin de que los ganaderos trashumantes reciban un apoyo financiero para su labor, respecto a la ganader\u00eda extensiva y la conservaci\u00f3n de importantes ecosistemas y ca\u00f1adas.<\/p>\n<p>Organizaciones europeas conservacionistas como EURONATUR y la Sociedad Zool\u00f3gica de Frankfurt (Alemania), la Unie van Provinciale Landschappen y la Stichting Trashumance &amp; Natuur (Holanda), internacionales como las fundaciones AVINA y MAVA, y espa\u00f1olas como la Fundaci\u00f3n Biodiversidad, Territori i Paisatje y otras entidades p\u00fablicas y privadas, colaboran con nuestros proyectos.<\/p>\n<p>[\/et_pb_text][\/et_pb_column][\/et_pb_row][\/et_pb_section][et_pb_section bb_built=&#8221;1&#8243; fullwidth=&#8221;off&#8221; specialty=&#8221;off&#8221; _builder_version=&#8221;3.0.89&#8243; background_color=&#8221;#eaeaea&#8221; custom_padding=&#8221;10px||10px|&#8221;][et_pb_row][et_pb_column type=&#8221;4_4&#8243;][et_pb_text _builder_version=&#8221;3.0.89&#8243; background_layout=&#8221;dark&#8221; text_font=&#8221;|700|||||||&#8221; text_font_size=&#8221;28px&#8221; text_text_color=&#8221;#6b6b6b&#8221; text_orientation=&#8221;center&#8221; module_alignment=&#8221;center&#8221;]<\/p>\n<p>PROYECTOS<\/p>\n<p>[\/et_pb_text][\/et_pb_column][\/et_pb_row][\/et_pb_section][et_pb_section bb_built=&#8221;1&#8243; fullwidth=&#8221;off&#8221; specialty=&#8221;off&#8221;][et_pb_row][et_pb_column type=&#8221;4_4&#8243;][et_pb_button _builder_version=&#8221;3.0.89&#8243; button_text=&#8221;Memoria del Encuentro Mundial de Pastores N\u00f3madas y Trashumantes 2007&#8243; button_url=&#8221;https:\/\/pastos.es\/wp-content\/uploads\/2018\/04\/MEMORIA-DEL-ENCUENTRO-MUNDIAL-DE-PASTORES-N\u00d3MADAS-Y-TRASHUMANTES-2007.pdf&#8221; url_new_window=&#8221;off&#8221; background_layout=&#8221;light&#8221; custom_button=&#8221;on&#8221; button_icon=&#8221;%%290%%&#8221; button_icon_placement=&#8221;right&#8221; button_alignment=&#8221;center&#8221; button_on_hover=&#8221;off&#8221; \/][et_pb_text _builder_version=&#8221;3.0.89&#8243; background_layout=&#8221;light&#8221;]<\/p>\n<p><strong id=\"yui_3_16_0_1_1399647155082_7963\"><span id=\"yui_3_16_0_1_1399647155082_7962\" lang=\"EN-US\" xml:lang=\"EN-US\">2017-2020:<\/span><\/strong><span id=\"yui_3_16_0_1_1399647155082_8003\" lang=\"EN-US\" xml:lang=\"EN-US\">\u00a0 \u201cDehesas &amp; Montados in the Iberian Peninsula&#8221; Con la colaboraci\u00f3n de Fundaci\u00f3n MAVA.<\/span><\/p>\n<p><strong id=\"yui_3_16_0_1_1399647155082_7963\"><span id=\"yui_3_16_0_1_1399647155082_7962\" lang=\"EN-US\" xml:lang=\"EN-US\">2017-2020:<\/span><\/strong><span id=\"yui_3_16_0_1_1399647155082_8003\" lang=\"EN-US\" xml:lang=\"EN-US\">\u00a0\u201cInfluence policy in favor of agro-silvo-pastorals systems at EU and non-EU level\u201d Con la colaboraci\u00f3n de Fundaci\u00f3n MAVA.<\/span><\/p>\n<p><strong id=\"yui_3_16_0_1_1399647155082_7963\"><span id=\"yui_3_16_0_1_1399647155082_7962\" lang=\"EN-US\" xml:lang=\"EN-US\">2017-2020:<\/span><\/strong><span id=\"yui_3_16_0_1_1399647155082_8003\" lang=\"EN-US\" xml:lang=\"EN-US\">\u00a0\u201cConnecting practices across landscapes making the case for key practices at Mediterranean level\u201d Con la colaboraci\u00f3n de Fundaci\u00f3n MAVA.<\/span><\/p>\n<p><strong id=\"yui_3_16_0_1_1399647155082_7963\"><span id=\"yui_3_16_0_1_1399647155082_7962\" lang=\"EN-US\" xml:lang=\"EN-US\">2017:<\/span><\/strong><span id=\"yui_3_16_0_1_1399647155082_8003\" lang=\"EN-US\" xml:lang=\"EN-US\">\u00a0\u201cEstudio de actuaciones para la conertivdad de la Red Nacional de V\u00edas Pecuarias desde los Puertos de Saliencia y de Somiedo hasta la Comunidad de Madrid\u201d Con la colaboraci\u00f3n del Ministerio de Agricultura y Pesca, Alimentaci\u00f3n y Medio Ambiente.\u00a0<\/span><\/p>\n<p><strong id=\"yui_3_16_0_1_1399647155082_7963\"><span id=\"yui_3_16_0_1_1399647155082_7962\" lang=\"EN-US\" xml:lang=\"EN-US\">2015-2017:<\/span><\/strong><span id=\"yui_3_16_0_1_1399647155082_8003\" lang=\"EN-US\" xml:lang=\"EN-US\">\u00a0\u201cMediterranean Consortium for Nature and Culture\u201d Con la colaboraci\u00f3n de Fundaci\u00f3n MAVA.<\/span><\/p>\n<p id=\"yui_3_16_0_1_1399647155082_7964\"><strong id=\"yui_3_16_0_1_1399647155082_7963\"><span id=\"yui_3_16_0_1_1399647155082_7962\" lang=\"EN-US\" xml:lang=\"EN-US\">2012-2015:<\/span><\/strong><span id=\"yui_3_16_0_1_1399647155082_8003\" lang=\"EN-US\" xml:lang=\"EN-US\">\u00a0\u201cTranshumance for Biodiversity and a Living Countryside in Spain\u201d Con la colaboraci\u00f3n de Fundaci\u00f3n MAVA.<\/span><\/p>\n<p id=\"yui_3_16_0_1_1399647155082_7960\"><strong id=\"yui_3_16_0_1_1399647155082_8017\"><span id=\"yui_3_16_0_1_1399647155082_8016\" lang=\"EN-US\" xml:lang=\"EN-US\">2013<\/span><\/strong><span id=\"yui_3_16_0_1_1399647155082_7959\" lang=\"EN-US\" xml:lang=\"EN-US\">: \u201cAssessing and Supporting Cultural Conservation Practices in the Mediterranean\u201d Con la colaboraci\u00f3n de DiversEarth.<\/span><\/p>\n<p id=\"yui_3_16_0_1_1399647155082_7956\"><strong id=\"yui_3_16_0_1_1399647155082_7955\">2013<\/strong>: \u201cTrashumancia XXI, Red Natura 2000, Empleo Rural y Ganader\u00eda Sostenible\u201d, Con la colaboraci\u00f3n de \u00a0Fundaci\u00f3n Biodiversidad.<\/p>\n<p><strong>2011:<\/strong>\u00a0\u201cTrashumancia para la Biodiversidad y la Sostenibilidad \u201c Financiado por la Direcci\u00f3n General de Medio Natural y Pol\u00edtica Forestal (M.A.R.M.)<\/p>\n<p><strong>2011:<\/strong>\u00a0\u201cProyecto piloto de Desarrollo Sostenible mediante la Trashumancia tradicional por la Red Nacional de V\u00edas Pecuarias\u201c<\/p>\n<p><strong>2010:<\/strong>\u00a0\u201cTrashumancia para la Biodiversidad\u201d en colaboraci\u00f3n con la Direcci\u00f3n General de Medio Natural y Pol\u00edtica Forestal, Ministerio de Medio Ambiente y Medio Rural y Marino.<\/p>\n<p><strong>2010:<\/strong>\u00a0\u201c Primera trashumancia desde La Serena (Badajoz) al valle de Valdelaguna (Burgos)\u201d<\/p>\n<p><span class=\"Estilo22\"><strong>2009<\/strong>:<\/span>\u00a0\u201cProyecto integral de desarrollo sostenible en la Ca\u00f1ada Real Conquense (Andaluc\u00eda, Castilla-<br \/>\nLa Mancha y Arag\u00f3n).<\/p>\n<p><span class=\"Estilo22\"><strong>2009<\/strong>:<\/span>\u00a0\u201cLa mujer rural en defensa del desarrollo sostenible\u201d, en colaboraci\u00f3n con la Consejer\u00eda de Medio Ambiente, Gobierno de Cantabria.<\/p>\n<p><span class=\"Estilo22\"><strong>2009<\/strong>:<\/span>\u00a0\u201cRecuperando la memoria fotogr\u00e1fica en la Comunidad Aut\u00f3noma de Cantabria\u201d, en colaboraci\u00f3n con el Servicio C\u00e1ntabro de Empleo, EMCAN, Gobierno de Cantabria.<\/p>\n<p><strong><span class=\"Estilo22\">2009:<\/span><\/strong>\u00a0\u201cConservaci\u00f3n de Corredores Ecol\u00f3gicos de la Red Natura 2000 entre los Parques Nacionales de Monfrag\u00fce (Extremadura) y de Picos de Europa (Cantabria)\u201d.<\/p>\n<p><strong><span class=\"Estilo22\">2009:<\/span><\/strong>\u00a0\u201cTrashumancia y Biodiversidad\u201d, en colaboraci\u00f3n con la Direcci\u00f3n General de Medio Natural y Pol\u00edtica Forestal, Ministerio de Medio Ambiente y Medio Rural y Marino.<\/p>\n<p><strong><span class=\"Estilo22\">2008-2010<\/span>:<\/strong> \u201cValoraci\u00f3n econ\u00f3mica de la Biodiversidad: Servicios ecosist\u00e9micos ligados a la trashumancia\u201d, en colaboraci\u00f3n con la Universidad Aut\u00f3noma de Madrid.<\/p>\n<p><strong><span class=\"Estilo22\">2008-2009:<\/span><\/strong>\u00a0\u201cConservaci\u00f3n de la Biodiversidad en la Ca\u00f1ada Real Burgalesa\u201d en colaboraci\u00f3n con Caja Espa\u00f1a Premios 2008 en Medio Ambiente.<\/p>\n<p><strong><span class=\"Estilo22\">2008<\/span>:<\/strong> \u201cConservaci\u00f3n de Corredores Ecol\u00f3gicos de la Red Natura 2000\u201d, en colaboraci\u00f3n con la Direcci\u00f3n General de Medio Natural y Pol\u00edtica Forestal, Ministerio de Medio Ambiente y Medio Rural y Marino.<\/p>\n<p><strong><span class=\"Estilo22\">2008:<\/span><\/strong>\u00a0\u201cPrograma de participaci\u00f3n p\u00fablica para la conservaci\u00f3n de la biodiversidad forestal\u201d, en colaboraci\u00f3n con la Direcci\u00f3n General de Medio Natural y Pol\u00edtica Forestal, Ministerio de Medio Ambiente y Medio Rural y Marino.<\/p>\n<p><strong><span class=\"Estilo22\">2008:<\/span><\/strong>\u00a0\u201cRecuperaci\u00f3n de Caminos y especies ganaderas\u201d, con la colaboraci\u00f3n de la Fundaci\u00f3n Territori i Paisatge.<\/p>\n<p><strong><span class=\"Estilo22\">2007:<\/span><\/strong>\u00a0\u201cI Encuentro Mundial de Pastores N\u00f3madas y Trashumantes\u201d, en colaboraci\u00f3n con la Agencia Espa\u00f1ola de Cooperaci\u00f3n Internacional, con la Fundaci\u00f3n Territori i Paisatge y con la Fundaci\u00f3n Biodiversidad.<\/p>\n<p><strong><span class=\"Estilo22\">2006:<\/span><\/strong>\u00a0\u201cRecuperaci\u00f3n de la trashumancia y Organizaci\u00f3n del Congreso Mundial de Pastores N\u00f3madas 2007\u201d, en colaboraci\u00f3n con la Fundaci\u00f3n Territori i Paisatge.<\/p>\n<p><strong><span class=\"Estilo22\">2006:<\/span><\/strong>\u00a0\u201cConservaci\u00f3n de la Biodiversidad en Espa\u00f1a mediante la ganader\u00eda trashumante\u201d.<\/p>\n<p><span class=\"Estilo22\"><strong>2005:<\/strong>\u00a0<\/span>\u201cTrashumancia 2005\u201d, en colaboraci\u00f3n con la Fundaci\u00f3n Territori i Paisatge.<\/p>\n<p><strong><span class=\"Estilo22\">2005:<\/span><\/strong>\u00a0\u201cFomento de la trashumancia por las v\u00edas pecuarias para la conservaci\u00f3n de las ca\u00f1adas y la biodiversidad en Espa\u00f1a\u201d, en colaboraci\u00f3n con la Direcci\u00f3n General para la Biodiversidad, Ministerio de Medio Ambiente.<\/p>\n<p><strong><span class=\"Estilo22\">2004:<\/span><\/strong>\u00a0\u201cConservaci\u00f3n de la Biodiversidad y de las V\u00edas Pecuarias mediante la trashumancia tradicional\u201d, en colaboraci\u00f3n con la Direcci\u00f3n General para la Biodiversidad, Ministerio de Medio Ambiente.<\/p>\n<p><span class=\"Estilo22\"><strong>2003-2004:<\/strong>\u00a0<\/span>\u201cCorredores Verdes para la conservaci\u00f3n y gesti\u00f3n de la Red de Parques Nacionales\u201d, Contribuci\u00f3n a la Conservaci\u00f3n de la Biodiversidad mediante la trashumancia tradicional por las v\u00edas pecuarias que unen los Parques Nacionales, en colaboraci\u00f3n con la Fundaci\u00f3n Parques Nacionales.<\/p>\n<p><strong class=\"Estilo22 Estilo39\"><span class=\"Estilo40\">2002-2003<\/span>:\u00a0<\/strong>\u201cConservaci\u00f3n de la Biodiversidad mediante pr\u00e1cticas tradicionales\u201d, en colaboraci\u00f3n con la Fundaci\u00f3n Biodiversidad.<\/p>\n<p>[\/et_pb_text][\/et_pb_column][\/et_pb_row][\/et_pb_section][et_pb_section bb_built=&#8221;1&#8243; fullwidth=&#8221;off&#8221; specialty=&#8221;off&#8221; _builder_version=&#8221;3.0.89&#8243; background_color=&#8221;#eaeaea&#8221; custom_padding=&#8221;10px||10px|&#8221;][et_pb_row][et_pb_column type=&#8221;4_4&#8243;][et_pb_text _builder_version=&#8221;3.0.89&#8243; background_layout=&#8221;dark&#8221; text_font=&#8221;|700|||||||&#8221; text_font_size=&#8221;28px&#8221; text_text_color=&#8221;#6b6b6b&#8221; text_orientation=&#8221;center&#8221; module_alignment=&#8221;center&#8221;]<\/p>\n<p>INFORMACI\u00d3N DE INTER\u00c9S<\/p>\n<p>[\/et_pb_text][\/et_pb_column][\/et_pb_row][\/et_pb_section][et_pb_section bb_built=&#8221;1&#8243; fullwidth=&#8221;off&#8221; specialty=&#8221;off&#8221; _builder_version=&#8221;3.0.89&#8243;][et_pb_row _builder_version=&#8221;3.0.89&#8243; module_alignment=&#8221;center&#8221; make_fullwidth=&#8221;on&#8221; bg_img_1=&#8221;https:\/\/pastos.es\/wp-content\/uploads\/2018\/03\/vispecurias.jpg&#8221; background_repeat_1=&#8221;no-repeat&#8221; bg_img_2=&#8221;https:\/\/pastos.es\/wp-content\/uploads\/2018\/03\/museosyranchos.jpg&#8221; use_custom_gutter=&#8221;on&#8221; gutter_width=&#8221;2&#8243;][et_pb_column type=&#8221;1_2&#8243;][et_pb_text _builder_version=&#8221;3.0.89&#8243; background_layout=&#8221;dark&#8221; text_font=&#8221;|600|||||||&#8221; text_font_size=&#8221;26px&#8221; text_text_color=&#8221;#ffffff&#8221; text_orientation=&#8221;center&#8221; custom_padding=&#8221;20px|30px|20px|30px&#8221; module_alignment=&#8221;center&#8221; custom_margin=&#8221;300px|30px|300px|30px&#8221; border_width_all=&#8221;2px&#8221; border_color_all=&#8221;#ffffff&#8221; max_width=&#8221;40%&#8221;]<\/p>\n<p><a style=\"color: #ffffff !important;\" href=\"https:\/\/pastos.es\/nosotros-mapas\/\">Mapas v\u00edas pecuarias<\/a><\/p>\n<p>[\/et_pb_text][\/et_pb_column][et_pb_column type=&#8221;1_2&#8243;][et_pb_text _builder_version=&#8221;3.0.89&#8243; background_layout=&#8221;dark&#8221; text_font=&#8221;|600|||||||&#8221; text_font_size=&#8221;26px&#8221; text_text_color=&#8221;#ffffff&#8221; text_orientation=&#8221;center&#8221; custom_padding=&#8221;20px|30px|20px|30px&#8221; module_alignment=&#8221;center&#8221; custom_margin=&#8221;300px|30px|300px|30px&#8221; border_width_all=&#8221;2px&#8221; border_color_all=&#8221;#ffffff&#8221; max_width=&#8221;40%&#8221;]<\/p>\n<p><a style=\"color: #ffffff !important;\" href=\"https:\/\/pastos.es\/nosotros-museos\/\">Museos y ranchos<\/a><\/p>\n<p>[\/et_pb_text][\/et_pb_column][\/et_pb_row][et_pb_row _builder_version=&#8221;3.0.89&#8243; module_alignment=&#8221;center&#8221; make_fullwidth=&#8221;on&#8221; bg_img_1=&#8221;https:\/\/pastos.es\/wp-content\/uploads\/2018\/03\/textos.jpg&#8221; background_repeat_1=&#8221;no-repeat&#8221; bg_img_2=&#8221;https:\/\/pastos.es\/wp-content\/uploads\/2018\/03\/legislacion.jpg&#8221; use_custom_gutter=&#8221;on&#8221; gutter_width=&#8221;2&#8243;][et_pb_column type=&#8221;1_2&#8243;][et_pb_text _builder_version=&#8221;3.0.89&#8243; background_layout=&#8221;dark&#8221; text_font=&#8221;|600|||||||&#8221; text_font_size=&#8221;26px&#8221; text_text_color=&#8221;#ffffff&#8221; text_orientation=&#8221;center&#8221; custom_padding=&#8221;20px|30px|20px|30px&#8221; module_alignment=&#8221;center&#8221; custom_margin=&#8221;300px|30px|300px|30px&#8221; border_width_all=&#8221;2px&#8221; border_color_all=&#8221;#ffffff&#8221; max_width=&#8221;30%&#8221;]<\/p>\n<p><a style=\"color: #ffffff;\" href=\"https:\/\/pastos.es\/nosotros-haztesocio\/\">Hazte socio<\/a><\/p>\n<p>[\/et_pb_text][\/et_pb_column][et_pb_column type=&#8221;1_2&#8243;][et_pb_text _builder_version=&#8221;3.0.89&#8243; background_layout=&#8221;dark&#8221; text_font=&#8221;|600|||||||&#8221; text_font_size=&#8221;26px&#8221; text_text_color=&#8221;#ffffff&#8221; text_orientation=&#8221;center&#8221; custom_padding=&#8221;20px|30px|20px|30px&#8221; module_alignment=&#8221;center&#8221; custom_margin=&#8221;300px|30px|300px|30px&#8221; border_width_all=&#8221;2px&#8221; border_color_all=&#8221;#ffffff&#8221; max_width=&#8221;30%&#8221;]<\/p>\n<p><a style=\"color: #ffffff !important;\" href=\"https:\/\/pastos.es\/nosotros-legislacion\/\">Legislaci\u00f3n<\/a><\/p>\n<p>[\/et_pb_text][\/et_pb_column][\/et_pb_row][\/et_pb_section][et_pb_section bb_built=&#8221;1&#8243; fullwidth=&#8221;off&#8221; specialty=&#8221;off&#8221; _builder_version=&#8221;3.0.89&#8243; background_color=&#8221;#e8e8e8&#8243;][et_pb_row][et_pb_column type=&#8221;4_4&#8243;][et_pb_text _builder_version=&#8221;3.0.89&#8243; background_layout=&#8221;dark&#8221; text_font=&#8221;|700|||||||&#8221; text_font_size=&#8221;24px&#8221; text_text_color=&#8221;#6b6b6b&#8221; text_orientation=&#8221;center&#8221; module_alignment=&#8221;center&#8221;]<\/p>\n<p>NUESTROS COLABORADORES<\/p>\n<p>[\/et_pb_text][\/et_pb_column][\/et_pb_row][et_pb_row _builder_version=&#8221;3.0.89&#8243; custom_margin=&#8221;50px|||&#8221;][et_pb_column type=&#8221;1_4&#8243;][\/et_pb_column][et_pb_column type=&#8221;1_4&#8243;][et_pb_image _builder_version=&#8221;3.0.89&#8243; src=&#8221;https:\/\/pastos.es\/wp-content\/uploads\/2018\/03\/LuQqlBfV_400x400.jpg&#8221; show_in_lightbox=&#8221;off&#8221; url_new_window=&#8221;off&#8221; use_overlay=&#8221;off&#8221; always_center_on_mobile=&#8221;on&#8221; force_fullwidth=&#8221;off&#8221; show_bottom_space=&#8221;on&#8221; \/][\/et_pb_column][et_pb_column type=&#8221;1_4&#8243;][et_pb_image _builder_version=&#8221;3.0.89&#8243; src=&#8221;https:\/\/pastos.es\/wp-content\/uploads\/2018\/03\/diversearth_rgb_white.png&#8221; show_in_lightbox=&#8221;off&#8221; url_new_window=&#8221;off&#8221; use_overlay=&#8221;off&#8221; always_center_on_mobile=&#8221;on&#8221; force_fullwidth=&#8221;off&#8221; show_bottom_space=&#8221;on&#8221; \/][\/et_pb_column][et_pb_column type=&#8221;1_4&#8243;][\/et_pb_column][\/et_pb_row][\/et_pb_section][et_pb_section bb_built=&#8221;1&#8243; fullwidth=&#8221;off&#8221; specialty=&#8221;off&#8221; _builder_version=&#8221;3.0.89&#8243; background_color=&#8221;#15773d&#8221; custom_padding=&#8221;10px||10px|&#8221; global_module=&#8221;191&#8243;][et_pb_row global_parent=&#8221;191&#8243; _builder_version=&#8221;3.0.89&#8243; custom_padding=&#8221;0px||0px|&#8221;][et_pb_column type=&#8221;4_4&#8243;][et_pb_text global_parent=&#8221;191&#8243; _builder_version=&#8221;3.0.89&#8243; background_layout=&#8221;light&#8221; text_orientation=&#8221;center&#8221; module_alignment=&#8221;center&#8221;]<\/p>\n<p><a href=\"https:\/\/www.facebook.com\/Asociaci%C3%B3n-Trashumancia-y-Naturaleza-213106018748291\/\" target=\"blank\"><img decoding=\"async\" src=\"https:\/\/pastos.es\/wp-content\/uploads\/2018\/03\/facebook.png\" alt=\"\" width=\"50\" \/><\/a><a href=\"https:\/\/www.youtube.com\/channel\/UCW3mWyszrBb_g7qX-xBzXvA\" target=\"blank\"><img decoding=\"async\" style=\"margin-left: 10px;\" src=\"https:\/\/pastos.es\/wp-content\/uploads\/2018\/03\/youtu.png\" alt=\"\" width=\"50\" \/><\/a><a href=\"https:\/\/twitter.com\/TrashumanciayN\" target=\"blank\"><img decoding=\"async\" style=\"margin-left: 10px;\" src=\"https:\/\/pastos.es\/wp-content\/uploads\/2018\/03\/twitter_2.png\" alt=\"\" width=\"50\" \/><\/a><\/p>\n<p>[\/et_pb_text][\/et_pb_column][\/et_pb_row][\/et_pb_section]<\/p>\n","protected":false},"excerpt":{"rendered":"<p>[et_pb_section bb_built=&#8221;1&#8243; _builder_version=&#8221;3.0.89&#8243; background_image=&#8221;https:\/\/pastos.es\/wp-content\/uploads\/2018\/03\/asociacion.jpg&#8221;][et_pb_row][et_pb_column type=&#8221;4_4&#8243;][et_pb_text admin_label=&#8221;Titulo de pagina&#8221; _builder_version=&#8221;3.0.89&#8243; background_layout=&#8221;dark&#8221; text_font=&#8221;|700|||||||&#8221; text_font_size=&#8221;42px&#8221; text_text_color=&#8221;#ffffff&#8221; text_text_shadow_style=&#8221;preset3&#8243; custom_margin=&#8221;50px||50px|&#8221; text_font_size_tablet=&#8221;35px&#8221; text_font_size_phone=&#8221;30px&#8221; text_font_size_last_edited=&#8221;on|phone&#8221; text_line_height_tablet=&#8221;1.5em&#8221; text_line_height_phone=&#8221;1.2em&#8221; text_line_height_last_edited=&#8221;on|phone&#8221;] NUESTRA ASOCIACI\u00d3N [\/et_pb_text][\/et_pb_column][\/et_pb_row][\/et_pb_section][et_pb_section bb_built=&#8221;1&#8243; fullwidth=&#8221;off&#8221; specialty=&#8221;off&#8221;][et_pb_row][et_pb_column type=&#8221;4_4&#8243;][et_pb_text _builder_version=&#8221;3.0.89&#8243; background_layout=&#8221;light&#8221; text_font=&#8221;|700|||||||&#8221; text_font_size=&#8221;32px&#8221; text_text_color=&#8221;#15773d&#8221; text_orientation=&#8221;center&#8221; module_alignment=&#8221;center&#8221; text_line_height=&#8221;1em&#8221; custom_css_main_element=&#8221;line-height:normal !important;&#8221;] ASOCIACI\u00d3N TRASHUMANCIA Y NATURALEZA [\/et_pb_text][\/et_pb_column][\/et_pb_row][et_pb_row][et_pb_column type=&#8221;4_4&#8243;][et_pb_text _builder_version=&#8221;3.0.89&#8243; background_layout=&#8221;light&#8221; text_orientation=&#8221;justified&#8221; module_alignment=&#8221;justified&#8221;] Nuestra asociaci\u00f3n fomenta la trashumancia de los [&hellip;]<\/p>\n","protected":false},"author":1,"featured_media":0,"parent":0,"menu_order":0,"comment_status":"closed","ping_status":"closed","template":"","meta":{"_et_pb_use_builder":"on","_et_pb_old_content":"","footnotes":""},"_links":{"self":[{"href":"https:\/\/pastos.es\/index.php?rest_route=\/wp\/v2\/pages\/388"}],"collection":[{"href":"https:\/\/pastos.es\/index.php?rest_route=\/wp\/v2\/pages"}],"about":[{"href":"https:\/\/pastos.es\/index.php?rest_route=\/wp\/v2\/types\/page"}],"author":[{"embeddable":true,"href":"https:\/\/pastos.es\/index.php?rest_route=\/wp\/v2\/users\/1"}],"replies":[{"embeddable":true,"href":"https:\/\/pastos.es\/index.php?rest_route=%2Fwp%2Fv2%2Fcomments&post=388"}],"version-history":[{"count":64,"href":"https:\/\/pastos.es\/index.php?rest_route=\/wp\/v2\/pages\/388\/revisions"}],"predecessor-version":[{"id":749,"href":"https:\/\/pastos.es\/index.php?rest_route=\/wp\/v2\/pages\/388\/revisions\/749"}],"wp:attachment":[{"href":"https:\/\/pastos.es\/index.php?rest_route=%2Fwp%2Fv2%2Fmedia&parent=388"}],"curies":[{"name":"wp","href":"https:\/\/api.w.org\/{rel}","templated":true}]}}