{"id":38,"date":"2018-03-07T11:42:32","date_gmt":"2018-03-07T11:42:32","guid":{"rendered":"https:\/\/pastos.es\/?page_id=38"},"modified":"2020-10-27T15:46:59","modified_gmt":"2020-10-27T15:46:59","slug":"inicio","status":"publish","type":"page","link":"https:\/\/pastos.es\/","title":{"rendered":"Inicio"},"content":{"rendered":"<p>[et_pb_section fb_built=&#8221;1&#8243; _builder_version=&#8221;3.0.89&#8243; parallax=&#8221;on&#8221; custom_css_main_element=&#8221;padding:0px;&#8221;][et_pb_row _builder_version=&#8221;3.0.89&#8243; custom_css_main_element=&#8221;padding:0px;&#8221;][et_pb_column type=&#8221;4_4&#8243; _builder_version=&#8221;3.0.47&#8243; parallax=&#8221;off&#8221; parallax_method=&#8221;on&#8221;][et_pb_code][rev_slider alias=&#8221;main&#8221;][\/et_pb_code][\/et_pb_column][\/et_pb_row][\/et_pb_section][et_pb_section fb_built=&#8221;1&#8243; _builder_version=&#8221;3.0.47&#8243;][et_pb_row _builder_version=&#8221;3.0.48&#8243; background_size=&#8221;initial&#8221; background_position=&#8221;top_left&#8221; background_repeat=&#8221;repeat&#8221; custom_padding=&#8221;0|0px|0|0px|false|false&#8221;][et_pb_column type=&#8221;4_4&#8243; _builder_version=&#8221;3.0.47&#8243; parallax=&#8221;off&#8221; parallax_method=&#8221;on&#8221;][\/et_pb_column][\/et_pb_row][\/et_pb_section][et_pb_section fb_built=&#8221;1&#8243; _builder_version=&#8221;3.0.89&#8243;][et_pb_row make_fullwidth=&#8221;on&#8221; _builder_version=&#8221;3.0.89&#8243;][et_pb_column type=&#8221;1_2&#8243; _builder_version=&#8221;3.0.47&#8243; parallax=&#8221;off&#8221; parallax_method=&#8221;on&#8221;][et_pb_text _builder_version=&#8221;3.0.89&#8243; text_font=&#8221;|700|||||||&#8221; text_text_color=&#8221;#15773d&#8221; text_font_size=&#8221;34px&#8221; custom_padding=&#8221;50px|50px|50px|50px&#8221;]\u00bfQUIENES SOMOS?<br \/>\n[\/et_pb_text][et_pb_text _builder_version=&#8221;3.0.89&#8243; text_text_color=&#8221;#000000&#8243; text_font_size=&#8221;16px&#8221; custom_padding=&#8221;|50px|50px|50px&#8221;]Somos una asociaci\u00f3n que fomenta la trashumancia de los ganaderos que transitan con sus reba\u00f1os por las ca\u00f1adas, para la recuperaci\u00f3n de la Red Nacional de V\u00edas Pecuarias, en el marco del Convenio para la Biodiversidad, (Art.8 j).<br \/>\nDedica sus esfuerzos a intensificar las gestiones administrativas, culturales y sociales para evitar el grave impacto que representar\u00eda la desaparici\u00f3n de la trashumancia para los ecosistemas ib\u00e9ricos, de tan excepcional importancia internacional.<br \/>\n[\/et_pb_text][et_pb_button button_url=&#8221;https:\/\/pastos.es\/nosotros\/&#8221; button_text=&#8221;Leer m\u00e1s&#8221; button_alignment=&#8221;right&#8221; _builder_version=&#8221;3.16&#8243; custom_button=&#8221;on&#8221; button_text_color=&#8221;#15773d&#8221; button_border_width=&#8221;3&#8243; button_border_color=&#8221;#15773d&#8221; button_font=&#8221;|700|||||||&#8221; custom_margin=&#8221;|50px||&#8221; button_text_color_hover=&#8221;#ffffff&#8221; button_border_color_hover=&#8221;rgba(0,0,0,0)&#8221; button_bg_color_hover=&#8221;#15773d&#8221; button_text_size__hover_enabled=&#8221;off&#8221; button_one_text_size__hover_enabled=&#8221;off&#8221; button_two_text_size__hover_enabled=&#8221;off&#8221; button_text_color__hover_enabled=&#8221;on&#8221; button_text_color__hover=&#8221;#ffffff&#8221; button_one_text_color__hover_enabled=&#8221;off&#8221; button_two_text_color__hover_enabled=&#8221;off&#8221; button_border_width__hover_enabled=&#8221;off&#8221; button_one_border_width__hover_enabled=&#8221;off&#8221; button_two_border_width__hover_enabled=&#8221;off&#8221; button_border_color__hover_enabled=&#8221;on&#8221; button_border_color__hover=&#8221;rgba(0,0,0,0)&#8221; button_one_border_color__hover_enabled=&#8221;off&#8221; button_two_border_color__hover_enabled=&#8221;off&#8221; button_border_radius__hover_enabled=&#8221;off&#8221; button_one_border_radius__hover_enabled=&#8221;off&#8221; button_two_border_radius__hover_enabled=&#8221;off&#8221; button_letter_spacing__hover_enabled=&#8221;off&#8221; button_one_letter_spacing__hover_enabled=&#8221;off&#8221; button_two_letter_spacing__hover_enabled=&#8221;off&#8221; button_bg_color__hover_enabled=&#8221;on&#8221; button_bg_color__hover=&#8221;#15773d&#8221; button_one_bg_color__hover_enabled=&#8221;off&#8221; button_two_bg_color__hover_enabled=&#8221;off&#8221;][\/et_pb_button][et_pb_button button_url=&#8221;https:\/\/fb.watch\/1n_JDQYuI4\/&#8221; url_new_window=&#8221;on&#8221; button_text=&#8221;Ver v\u00eddeo&#8221; button_alignment=&#8221;right&#8221; _builder_version=&#8221;3.19.5&#8243; custom_button=&#8221;on&#8221; button_text_color=&#8221;#15773d&#8221; button_border_width=&#8221;3&#8243; button_border_color=&#8221;#15773d&#8221; button_font=&#8221;|700|||||||&#8221; custom_margin=&#8221;|50px||&#8221; button_text_color_hover=&#8221;#ffffff&#8221; button_border_color_hover=&#8221;rgba(0,0,0,0)&#8221; button_bg_color_hover=&#8221;#15773d&#8221; button_text_size__hover_enabled=&#8221;off&#8221; button_one_text_size__hover_enabled=&#8221;off&#8221; button_two_text_size__hover_enabled=&#8221;off&#8221; button_text_color__hover_enabled=&#8221;on&#8221; button_text_color__hover=&#8221;#ffffff&#8221; button_one_text_color__hover_enabled=&#8221;off&#8221; button_two_text_color__hover_enabled=&#8221;off&#8221; button_border_width__hover_enabled=&#8221;off&#8221; button_one_border_width__hover_enabled=&#8221;off&#8221; button_two_border_width__hover_enabled=&#8221;off&#8221; button_border_color__hover_enabled=&#8221;on&#8221; button_border_color__hover=&#8221;rgba(0,0,0,0)&#8221; button_one_border_color__hover_enabled=&#8221;off&#8221; button_two_border_color__hover_enabled=&#8221;off&#8221; button_border_radius__hover_enabled=&#8221;off&#8221; button_one_border_radius__hover_enabled=&#8221;off&#8221; button_two_border_radius__hover_enabled=&#8221;off&#8221; button_letter_spacing__hover_enabled=&#8221;off&#8221; button_one_letter_spacing__hover_enabled=&#8221;off&#8221; button_two_letter_spacing__hover_enabled=&#8221;off&#8221; button_bg_color__hover_enabled=&#8221;on&#8221; button_bg_color__hover=&#8221;#15773d&#8221; button_one_bg_color__hover_enabled=&#8221;off&#8221; button_two_bg_color__hover_enabled=&#8221;off&#8221;][\/et_pb_button][et_pb_video src=&#8221;https:\/\/youtu.be\/UFyTHNf-zkI&#8221; _builder_version=&#8221;3.0.89&#8243;][\/et_pb_video][\/et_pb_column][et_pb_column type=&#8221;1_2&#8243; _builder_version=&#8221;3.0.47&#8243; parallax=&#8221;off&#8221; parallax_method=&#8221;on&#8221;][et_pb_image src=&#8221;https:\/\/pastos.es\/wp-content\/uploads\/2018\/03\/quienes_somos.jpg&#8221; _builder_version=&#8221;3.0.89&#8243;][\/et_pb_image][et_pb_video src=&#8221;https:\/\/www.youtube.com\/watch?v=vygf3u3HCzE&#038;app=desktop&#8221; _builder_version=&#8221;3.19.5&#8243; custom_margin=&#8221;||&#8221; custom_padding=&#8221;||&#8221;][\/et_pb_video][\/et_pb_column][\/et_pb_row][\/et_pb_section][et_pb_section fb_built=&#8221;1&#8243; _builder_version=&#8221;3.0.89&#8243; background_color=&#8221;#f2f2f2&#8243;][et_pb_row _builder_version=&#8221;3.0.48&#8243; background_size=&#8221;initial&#8221; background_position=&#8221;top_left&#8221; background_repeat=&#8221;repeat&#8221;][et_pb_column type=&#8221;4_4&#8243; _builder_version=&#8221;3.0.47&#8243; parallax=&#8221;off&#8221; parallax_method=&#8221;on&#8221;][et_pb_code]<\/p>\n<div class=\"tab\" style=\"text-align: center;\"><!-- [et_pb_line_break_holder] --><\/p>\n<ul id=\"lista_galeria\"><!-- [et_pb_line_break_holder] --><!-- [et_pb_line_break_holder] --> <button class=\"tablinks\" onclick=\"openCity(event, 'galeria')\" id=\"defaultOpen\">EVENTOS<\/button><!-- [et_pb_line_break_holder] --><!-- [et_pb_line_break_holder] --> <button class=\"tablinks\" onclick=\"openCity(event, 'galeria2')\">ANUNCIOS<\/button><!-- [et_pb_line_break_holder] --><button class=\"tablinks\" onclick=\"openCity(event, 'galeria3')\">NOTICIAS<\/button><!-- [et_pb_line_break_holder] --><button class=\"tablinks\" onclick=\"openCity(event, 'galeria4')\">ART\u00cdCULOS<\/button><!-- [et_pb_line_break_holder] --><!-- [et_pb_line_break_holder] --><!-- [et_pb_line_break_holder] --><\/div>\n<p>[\/et_pb_code][\/et_pb_column][\/et_pb_row][et_pb_row module_id=&#8221;galeria&#8221; module_class=&#8221;tabcontent&#8221; _builder_version=&#8221;3.0.89&#8243;][et_pb_column type=&#8221;4_4&#8243; _builder_version=&#8221;3.0.47&#8243; parallax=&#8221;off&#8221; parallax_method=&#8221;on&#8221;][et_pb_blog fullwidth=&#8221;off&#8221; posts_number=&#8221;3&#8243; include_categories=&#8221;5&#8243; show_more=&#8221;on&#8221; show_comments=&#8221;on&#8221; show_pagination=&#8221;off&#8221; _builder_version=&#8221;3.0.94&#8243; pagination_font_size_tablet=&#8221;51&#8243; pagination_line_height_tablet=&#8221;2&#8243; box_shadow_style=&#8221;preset1&#8243; box_shadow_vertical=&#8221;1px&#8221; box_shadow_blur=&#8221;5px&#8221; box_shadow_color=&#8221;rgba(0,0,0,.1)&#8221; text_orientation=&#8221;justified&#8221; use_dropshadow=&#8221;on&#8221;][\/et_pb_blog][et_pb_button button_url=&#8221;https:\/\/pastos.es\/publicaciones-eventos\/&#8221; button_text=&#8221;Ver todos los eventos&#8221; button_alignment=&#8221;center&#8221; _builder_version=&#8221;3.16&#8243; custom_button=&#8221;on&#8221; button_text_color=&#8221;#15773d&#8221; button_border_width=&#8221;3&#8243; button_border_color=&#8221;#15773d&#8221; button_font=&#8221;|600|||||||&#8221; custom_margin=&#8221;50px|||&#8221; button_text_color_hover=&#8221;#ffffff&#8221; button_border_color_hover=&#8221;rgba(0,0,0,0)&#8221; button_bg_color_hover=&#8221;#15773d&#8221; button_text_size__hover_enabled=&#8221;off&#8221; button_one_text_size__hover_enabled=&#8221;off&#8221; button_two_text_size__hover_enabled=&#8221;off&#8221; button_text_color__hover_enabled=&#8221;on&#8221; button_text_color__hover=&#8221;#ffffff&#8221; button_one_text_color__hover_enabled=&#8221;off&#8221; button_two_text_color__hover_enabled=&#8221;off&#8221; button_border_width__hover_enabled=&#8221;off&#8221; button_one_border_width__hover_enabled=&#8221;off&#8221; button_two_border_width__hover_enabled=&#8221;off&#8221; button_border_color__hover_enabled=&#8221;on&#8221; button_border_color__hover=&#8221;rgba(0,0,0,0)&#8221; button_one_border_color__hover_enabled=&#8221;off&#8221; button_two_border_color__hover_enabled=&#8221;off&#8221; button_border_radius__hover_enabled=&#8221;off&#8221; button_one_border_radius__hover_enabled=&#8221;off&#8221; button_two_border_radius__hover_enabled=&#8221;off&#8221; button_letter_spacing__hover_enabled=&#8221;off&#8221; button_one_letter_spacing__hover_enabled=&#8221;off&#8221; button_two_letter_spacing__hover_enabled=&#8221;off&#8221; button_bg_color__hover_enabled=&#8221;on&#8221; button_bg_color__hover=&#8221;#15773d&#8221; button_one_bg_color__hover_enabled=&#8221;off&#8221; button_two_bg_color__hover_enabled=&#8221;off&#8221;][\/et_pb_button][\/et_pb_column][\/et_pb_row][et_pb_row module_id=&#8221;galeria2&#8243; module_class=&#8221;tabcontent&#8221; _builder_version=&#8221;3.0.89&#8243;][et_pb_column type=&#8221;4_4&#8243; _builder_version=&#8221;3.0.47&#8243; parallax=&#8221;off&#8221; parallax_method=&#8221;on&#8221;][et_pb_blog fullwidth=&#8221;off&#8221; posts_number=&#8221;3&#8243; include_categories=&#8221;21&#8243; show_more=&#8221;on&#8221; show_comments=&#8221;on&#8221; show_pagination=&#8221;off&#8221; _builder_version=&#8221;3.0.94&#8243; pagination_font_size_tablet=&#8221;51&#8243; pagination_line_height_tablet=&#8221;2&#8243; box_shadow_style=&#8221;preset1&#8243; box_shadow_vertical=&#8221;1px&#8221; box_shadow_blur=&#8221;5px&#8221; box_shadow_color=&#8221;rgba(0,0,0,.1)&#8221; text_orientation=&#8221;justified&#8221; use_dropshadow=&#8221;on&#8221;][\/et_pb_blog][et_pb_button button_url=&#8221;https:\/\/pastos.es\/publicaciones-anuncios\/&#8221; button_text=&#8221;Ver todos los anuncios&#8221; button_alignment=&#8221;center&#8221; _builder_version=&#8221;3.16&#8243; custom_button=&#8221;on&#8221; button_text_color=&#8221;#15773d&#8221; button_border_width=&#8221;3&#8243; button_border_color=&#8221;#15773d&#8221; button_font=&#8221;|600|||||||&#8221; custom_margin=&#8221;50px|||&#8221; button_text_color_hover=&#8221;#ffffff&#8221; button_border_color_hover=&#8221;rgba(0,0,0,0)&#8221; button_bg_color_hover=&#8221;#15773d&#8221; button_text_size__hover_enabled=&#8221;off&#8221; button_one_text_size__hover_enabled=&#8221;off&#8221; button_two_text_size__hover_enabled=&#8221;off&#8221; button_text_color__hover_enabled=&#8221;on&#8221; button_text_color__hover=&#8221;#ffffff&#8221; button_one_text_color__hover_enabled=&#8221;off&#8221; button_two_text_color__hover_enabled=&#8221;off&#8221; button_border_width__hover_enabled=&#8221;off&#8221; button_one_border_width__hover_enabled=&#8221;off&#8221; button_two_border_width__hover_enabled=&#8221;off&#8221; button_border_color__hover_enabled=&#8221;on&#8221; button_border_color__hover=&#8221;rgba(0,0,0,0)&#8221; button_one_border_color__hover_enabled=&#8221;off&#8221; button_two_border_color__hover_enabled=&#8221;off&#8221; button_border_radius__hover_enabled=&#8221;off&#8221; button_one_border_radius__hover_enabled=&#8221;off&#8221; button_two_border_radius__hover_enabled=&#8221;off&#8221; button_letter_spacing__hover_enabled=&#8221;off&#8221; button_one_letter_spacing__hover_enabled=&#8221;off&#8221; button_two_letter_spacing__hover_enabled=&#8221;off&#8221; button_bg_color__hover_enabled=&#8221;on&#8221; button_bg_color__hover=&#8221;#15773d&#8221; button_one_bg_color__hover_enabled=&#8221;off&#8221; button_two_bg_color__hover_enabled=&#8221;off&#8221;][\/et_pb_button][\/et_pb_column][\/et_pb_row][et_pb_row module_id=&#8221;galeria3&#8243; module_class=&#8221;tabcontent&#8221; _builder_version=&#8221;3.0.89&#8243;][et_pb_column type=&#8221;4_4&#8243; _builder_version=&#8221;3.0.47&#8243; parallax=&#8221;off&#8221; parallax_method=&#8221;on&#8221;][et_pb_blog fullwidth=&#8221;off&#8221; posts_number=&#8221;3&#8243; include_categories=&#8221;1&#8243; show_more=&#8221;on&#8221; show_comments=&#8221;on&#8221; show_pagination=&#8221;off&#8221; _builder_version=&#8221;3.0.94&#8243; pagination_font_size_tablet=&#8221;51&#8243; pagination_line_height_tablet=&#8221;2&#8243; box_shadow_style=&#8221;preset1&#8243; box_shadow_vertical=&#8221;1px&#8221; box_shadow_blur=&#8221;5px&#8221; box_shadow_color=&#8221;rgba(0,0,0,.1)&#8221; text_orientation=&#8221;justified&#8221; use_dropshadow=&#8221;on&#8221;][\/et_pb_blog][et_pb_button button_url=&#8221;https:\/\/pastos.es\/publicaciones-noticias\/&#8221; button_text=&#8221;Ver todas las noticias&#8221; button_alignment=&#8221;center&#8221; _builder_version=&#8221;3.16&#8243; custom_button=&#8221;on&#8221; button_text_color=&#8221;#15773d&#8221; button_border_width=&#8221;3&#8243; button_border_color=&#8221;#15773d&#8221; button_font=&#8221;|600|||||||&#8221; custom_margin=&#8221;50px|||&#8221; button_text_color_hover=&#8221;#ffffff&#8221; button_border_color_hover=&#8221;rgba(0,0,0,0)&#8221; button_bg_color_hover=&#8221;#15773d&#8221; button_text_size__hover_enabled=&#8221;off&#8221; button_one_text_size__hover_enabled=&#8221;off&#8221; button_two_text_size__hover_enabled=&#8221;off&#8221; button_text_color__hover_enabled=&#8221;on&#8221; button_text_color__hover=&#8221;#ffffff&#8221; button_one_text_color__hover_enabled=&#8221;off&#8221; button_two_text_color__hover_enabled=&#8221;off&#8221; button_border_width__hover_enabled=&#8221;off&#8221; button_one_border_width__hover_enabled=&#8221;off&#8221; button_two_border_width__hover_enabled=&#8221;off&#8221; button_border_color__hover_enabled=&#8221;on&#8221; button_border_color__hover=&#8221;rgba(0,0,0,0)&#8221; button_one_border_color__hover_enabled=&#8221;off&#8221; button_two_border_color__hover_enabled=&#8221;off&#8221; button_border_radius__hover_enabled=&#8221;off&#8221; button_one_border_radius__hover_enabled=&#8221;off&#8221; button_two_border_radius__hover_enabled=&#8221;off&#8221; button_letter_spacing__hover_enabled=&#8221;off&#8221; button_one_letter_spacing__hover_enabled=&#8221;off&#8221; button_two_letter_spacing__hover_enabled=&#8221;off&#8221; button_bg_color__hover_enabled=&#8221;on&#8221; button_bg_color__hover=&#8221;#15773d&#8221; button_one_bg_color__hover_enabled=&#8221;off&#8221; button_two_bg_color__hover_enabled=&#8221;off&#8221;][\/et_pb_button][\/et_pb_column][\/et_pb_row][et_pb_row module_id=&#8221;galeria4&#8243; module_class=&#8221;tabcontent&#8221; _builder_version=&#8221;3.0.89&#8243;][et_pb_column type=&#8221;4_4&#8243; _builder_version=&#8221;3.0.47&#8243; parallax=&#8221;off&#8221; parallax_method=&#8221;on&#8221;][et_pb_blog fullwidth=&#8221;off&#8221; posts_number=&#8221;3&#8243; include_categories=&#8221;30&#8243; show_more=&#8221;on&#8221; show_comments=&#8221;on&#8221; show_pagination=&#8221;off&#8221; _builder_version=&#8221;3.0.94&#8243; pagination_font_size_tablet=&#8221;51&#8243; pagination_line_height_tablet=&#8221;2&#8243; box_shadow_style=&#8221;preset1&#8243; box_shadow_vertical=&#8221;1px&#8221; box_shadow_blur=&#8221;5px&#8221; box_shadow_color=&#8221;rgba(0,0,0,.1)&#8221; text_orientation=&#8221;justified&#8221; use_dropshadow=&#8221;on&#8221;][\/et_pb_blog][et_pb_button button_url=&#8221;https:\/\/pastos.es\/publicaciones-articulos\/&#8221; button_text=&#8221;Ver todos los art\u00edculos&#8221; button_alignment=&#8221;center&#8221; _builder_version=&#8221;3.16&#8243; custom_button=&#8221;on&#8221; button_text_color=&#8221;#15773d&#8221; button_border_width=&#8221;3&#8243; button_border_color=&#8221;#15773d&#8221; button_font=&#8221;|600|||||||&#8221; custom_margin=&#8221;50px|||&#8221; button_text_color_hover=&#8221;#ffffff&#8221; button_border_color_hover=&#8221;rgba(0,0,0,0)&#8221; button_bg_color_hover=&#8221;#15773d&#8221; button_text_size__hover_enabled=&#8221;off&#8221; button_one_text_size__hover_enabled=&#8221;off&#8221; button_two_text_size__hover_enabled=&#8221;off&#8221; button_text_color__hover_enabled=&#8221;on&#8221; button_text_color__hover=&#8221;#ffffff&#8221; button_one_text_color__hover_enabled=&#8221;off&#8221; button_two_text_color__hover_enabled=&#8221;off&#8221; button_border_width__hover_enabled=&#8221;off&#8221; button_one_border_width__hover_enabled=&#8221;off&#8221; button_two_border_width__hover_enabled=&#8221;off&#8221; button_border_color__hover_enabled=&#8221;on&#8221; button_border_color__hover=&#8221;rgba(0,0,0,0)&#8221; button_one_border_color__hover_enabled=&#8221;off&#8221; button_two_border_color__hover_enabled=&#8221;off&#8221; button_border_radius__hover_enabled=&#8221;off&#8221; button_one_border_radius__hover_enabled=&#8221;off&#8221; button_two_border_radius__hover_enabled=&#8221;off&#8221; button_letter_spacing__hover_enabled=&#8221;off&#8221; button_one_letter_spacing__hover_enabled=&#8221;off&#8221; button_two_letter_spacing__hover_enabled=&#8221;off&#8221; button_bg_color__hover_enabled=&#8221;on&#8221; button_bg_color__hover=&#8221;#15773d&#8221; button_one_bg_color__hover_enabled=&#8221;off&#8221; button_two_bg_color__hover_enabled=&#8221;off&#8221;][\/et_pb_button][\/et_pb_column][\/et_pb_row][\/et_pb_section][et_pb_section fb_built=&#8221;1&#8243; specialty=&#8221;on&#8221; _builder_version=&#8221;3.0.47&#8243;][et_pb_column type=&#8221;1_2&#8243; _builder_version=&#8221;3.0.47&#8243; parallax__hover=&#8221;off&#8221; parallax_method__hover=&#8221;on&#8221; parallax=&#8221;off&#8221; parallax_method=&#8221;on&#8221;][et_pb_text _builder_version=&#8221;3.0.89&#8243; text_font=&#8221;|700|||||||&#8221; text_text_color=&#8221;#15773d&#8221; text_font_size=&#8221;34px&#8221; text_line_height=&#8221;1.8em&#8221;]EMPLEO JUVENIL Y<br \/>\nTRASHUMANCIA<br \/>\n[\/et_pb_text][et_pb_text _builder_version=&#8221;3.0.89&#8243;]La trashumancia tradicional ofrece oportunidades de empleo para chicos y chicas amantes de la naturaleza y de los animales. La recuperaci\u00f3n de la trashumancia en Espa\u00f1a puede generar 5.000 puestos de trabajo directos para j\u00f3venes ganaderos, y muchos m\u00e1s inducidos en los sectores de la elaboraci\u00f3n, la comercializaci\u00f3n y los servicios ambientales.<\/p>\n<p>Nuestra Asociaci\u00f3n est\u00e1 haciendo gestiones para ello con el Gobierno, las Comunidades Aut\u00f3nomas y los Ayuntamientos para desarrollar proyectos piloto en este sentido durante el periodo 2017 &#8211; 2020.<br \/>\n[\/et_pb_text][et_pb_button button_url=&#8221;https:\/\/www.youtube.com\/watch?v=5-fV_fWiIDQ&#038;feature=youtu.be&#8221; url_new_window=&#8221;on&#8221; button_text=&#8221;Ver video&#8221; button_alignment=&#8221;right&#8221; _builder_version=&#8221;3.16&#8243; custom_button=&#8221;on&#8221; button_text_color=&#8221;#15773d&#8221; button_border_width=&#8221;3&#8243; button_border_color=&#8221;#15773d&#8221; button_font=&#8221;|600|||||||&#8221; custom_margin=&#8221;50px|||&#8221; button_text_color_hover=&#8221;#ffffff&#8221; button_border_color_hover=&#8221;rgba(0,0,0,0)&#8221; button_bg_color_hover=&#8221;#15773d&#8221; button_text_size__hover_enabled=&#8221;off&#8221; button_one_text_size__hover_enabled=&#8221;off&#8221; button_two_text_size__hover_enabled=&#8221;off&#8221; button_text_color__hover_enabled=&#8221;on&#8221; button_text_color__hover=&#8221;#ffffff&#8221; button_one_text_color__hover_enabled=&#8221;off&#8221; button_two_text_color__hover_enabled=&#8221;off&#8221; button_border_width__hover_enabled=&#8221;off&#8221; button_one_border_width__hover_enabled=&#8221;off&#8221; button_two_border_width__hover_enabled=&#8221;off&#8221; button_border_color__hover_enabled=&#8221;on&#8221; button_border_color__hover=&#8221;rgba(0,0,0,0)&#8221; button_one_border_color__hover_enabled=&#8221;off&#8221; button_two_border_color__hover_enabled=&#8221;off&#8221; button_border_radius__hover_enabled=&#8221;off&#8221; button_one_border_radius__hover_enabled=&#8221;off&#8221; button_two_border_radius__hover_enabled=&#8221;off&#8221; button_letter_spacing__hover_enabled=&#8221;off&#8221; button_one_letter_spacing__hover_enabled=&#8221;off&#8221; button_two_letter_spacing__hover_enabled=&#8221;off&#8221; button_bg_color__hover_enabled=&#8221;on&#8221; button_bg_color__hover=&#8221;#15773d&#8221; button_one_bg_color__hover_enabled=&#8221;off&#8221; button_two_bg_color__hover_enabled=&#8221;off&#8221;][\/et_pb_button][\/et_pb_column][et_pb_column type=&#8221;1_2&#8243; specialty_columns=&#8221;2&#8243; _builder_version=&#8221;3.0.47&#8243; parallax__hover=&#8221;off&#8221; parallax_method__hover=&#8221;on&#8221; parallax=&#8221;off&#8221; parallax_method=&#8221;on&#8221;][et_pb_row_inner admin_label=&#8221;Fila&#8221; _builder_version=&#8221;3.0.47&#8243;][et_pb_column_inner type=&#8221;4_4&#8243; saved_specialty_column_type=&#8221;1_2&#8243; _builder_version=&#8221;3.0.47&#8243; parallax__hover=&#8221;off&#8221; parallax_method__hover=&#8221;on&#8221; parallax=&#8221;off&#8221; parallax_method=&#8221;on&#8221;][et_pb_image src=&#8221;https:\/\/pastos.es\/wp-content\/uploads\/2018\/04\/foto-NICO-EN-MADRID-22.10.2017-GRAN-VIA.jpg&#8221; _builder_version=&#8221;3.0.89&#8243;][\/et_pb_image][et_pb_image src=&#8221;https:\/\/pastos.es\/wp-content\/uploads\/2020\/06\/pastos-empleo-infantil.png&#8221; _builder_version=&#8221;3.19.5&#8243;][\/et_pb_image][\/et_pb_column_inner][\/et_pb_row_inner][\/et_pb_column][\/et_pb_section][et_pb_section fb_built=&#8221;1&#8243; _builder_version=&#8221;3.0.89&#8243; background_color=&#8221;#15773d&#8221; custom_padding=&#8221;10px||10px|&#8221; global_module=&#8221;191&#8243;][et_pb_row custom_padding=&#8221;0px||0px|&#8221; _builder_version=&#8221;3.0.89&#8243;][et_pb_column type=&#8221;4_4&#8243; _builder_version=&#8221;3.0.47&#8243; parallax=&#8221;off&#8221; parallax_method=&#8221;on&#8221;][et_pb_text _builder_version=&#8221;3.0.89&#8243; text_orientation=&#8221;center&#8221; module_alignment=&#8221;center&#8221;]<\/p>\n<p><a href=\"https:\/\/www.facebook.com\/Asociaci%C3%B3n-Trashumancia-y-Naturaleza-213106018748291\/\" target=\"blank\"><img decoding=\"async\" src=\"https:\/\/pastos.es\/wp-content\/uploads\/2018\/03\/facebook.png\" alt=\"\" width=\"50\" \/><\/a><a href=\"https:\/\/www.youtube.com\/channel\/UCW3mWyszrBb_g7qX-xBzXvA\" target=\"blank\"><img decoding=\"async\" style=\"margin-left: 10px;\" src=\"https:\/\/pastos.es\/wp-content\/uploads\/2018\/03\/youtu.png\" alt=\"\" width=\"50\" \/><\/a><a href=\"https:\/\/twitter.com\/TrashumanciayN\" target=\"blank\"><img decoding=\"async\" style=\"margin-left: 10px;\" src=\"https:\/\/pastos.es\/wp-content\/uploads\/2018\/03\/twitter_2.png\" alt=\"\" width=\"50\" \/><\/a><\/p>\n<p>[\/et_pb_text][\/et_pb_column][\/et_pb_row][\/et_pb_section]<\/p>\n","protected":false},"excerpt":{"rendered":"<p>[et_pb_section fb_built=&#8221;1&#8243; _builder_version=&#8221;3.0.89&#8243; parallax=&#8221;on&#8221; custom_css_main_element=&#8221;padding:0px;&#8221;][et_pb_row _builder_version=&#8221;3.0.89&#8243; custom_css_main_element=&#8221;padding:0px;&#8221;][et_pb_column type=&#8221;4_4&#8243; _builder_version=&#8221;3.0.47&#8243; parallax=&#8221;off&#8221; parallax_method=&#8221;on&#8221;][et_pb_code][rev_slider alias=&#8221;main&#8221;][\/et_pb_code][\/et_pb_column][\/et_pb_row][\/et_pb_section][et_pb_section fb_built=&#8221;1&#8243; _builder_version=&#8221;3.0.47&#8243;][et_pb_row _builder_version=&#8221;3.0.48&#8243; background_size=&#8221;initial&#8221; background_position=&#8221;top_left&#8221; background_repeat=&#8221;repeat&#8221; custom_padding=&#8221;0|0px|0|0px|false|false&#8221;][et_pb_column type=&#8221;4_4&#8243; _builder_version=&#8221;3.0.47&#8243; parallax=&#8221;off&#8221; parallax_method=&#8221;on&#8221;][\/et_pb_column][\/et_pb_row][\/et_pb_section][et_pb_section fb_built=&#8221;1&#8243; _builder_version=&#8221;3.0.89&#8243;][et_pb_row make_fullwidth=&#8221;on&#8221; _builder_version=&#8221;3.0.89&#8243;][et_pb_column type=&#8221;1_2&#8243; _builder_version=&#8221;3.0.47&#8243; parallax=&#8221;off&#8221; parallax_method=&#8221;on&#8221;][et_pb_text _builder_version=&#8221;3.0.89&#8243; text_font=&#8221;|700|||||||&#8221; text_text_color=&#8221;#15773d&#8221; text_font_size=&#8221;34px&#8221; custom_padding=&#8221;50px|50px|50px|50px&#8221;]\u00bfQUIENES SOMOS? [\/et_pb_text][et_pb_text _builder_version=&#8221;3.0.89&#8243; text_text_color=&#8221;#000000&#8243; text_font_size=&#8221;16px&#8221; custom_padding=&#8221;|50px|50px|50px&#8221;]Somos una asociaci\u00f3n que fomenta la trashumancia de los ganaderos que transitan con sus [&hellip;]<\/p>\n","protected":false},"author":1,"featured_media":0,"parent":0,"menu_order":0,"comment_status":"closed","ping_status":"closed","template":"","meta":{"_et_pb_use_builder":"on","_et_pb_old_content":"","footnotes":""},"_links":{"self":[{"href":"https:\/\/pastos.es\/index.php?rest_route=\/wp\/v2\/pages\/38"}],"collection":[{"href":"https:\/\/pastos.es\/index.php?rest_route=\/wp\/v2\/pages"}],"about":[{"href":"https:\/\/pastos.es\/index.php?rest_route=\/wp\/v2\/types\/page"}],"author":[{"embeddable":true,"href":"https:\/\/pastos.es\/index.php?rest_route=\/wp\/v2\/users\/1"}],"replies":[{"embeddable":true,"href":"https:\/\/pastos.es\/index.php?rest_route=%2Fwp%2Fv2%2Fcomments&post=38"}],"version-history":[{"count":143,"href":"https:\/\/pastos.es\/index.php?rest_route=\/wp\/v2\/pages\/38\/revisions"}],"predecessor-version":[{"id":1095,"href":"https:\/\/pastos.es\/index.php?rest_route=\/wp\/v2\/pages\/38\/revisions\/1095"}],"wp:attachment":[{"href":"https:\/\/pastos.es\/index.php?rest_route=%2Fwp%2Fv2%2Fmedia&parent=38"}],"curies":[{"name":"wp","href":"https:\/\/api.w.org\/{rel}","templated":true}]}}